{"id":298,"date":"2023-05-10T14:02:49","date_gmt":"2023-05-10T14:02:49","guid":{"rendered":"https:\/\/stichtingbab.com\/?page_id=298"},"modified":"2023-05-10T14:02:49","modified_gmt":"2023-05-10T14:02:49","slug":"logo-sbab","status":"publish","type":"page","link":"https:\/\/ecstatic-taussig.108-175-11-166.plesk.page\/index.php\/logo-sbab\/","title":{"rendered":"Logo SBAB"},"content":{"rendered":"<h2 data-pm-slice=\"1 1 []\">Beschrijving logo SBAB<\/h2>\n<p><img loading=\"lazy\" decoding=\"async\" class=\"alignnone wp-image-494 size-large\" src=\"https:\/\/stichtingbab.com\/wp-content\/uploads\/2023\/06\/BAB_logo-kliener-1024x580.png\" alt=\"\" width=\"640\" height=\"363\" srcset=\"https:\/\/ecstatic-taussig.108-175-11-166.plesk.page\/wp-content\/uploads\/2023\/06\/BAB_logo-kliener-1024x580.png 1024w, https:\/\/ecstatic-taussig.108-175-11-166.plesk.page\/wp-content\/uploads\/2023\/06\/BAB_logo-kliener-300x170.png 300w, https:\/\/ecstatic-taussig.108-175-11-166.plesk.page\/wp-content\/uploads\/2023\/06\/BAB_logo-kliener-768x435.png 768w, https:\/\/ecstatic-taussig.108-175-11-166.plesk.page\/wp-content\/uploads\/2023\/06\/BAB_logo-kliener-1536x870.png 1536w, https:\/\/ecstatic-taussig.108-175-11-166.plesk.page\/wp-content\/uploads\/2023\/06\/BAB_logo-kliener.png 1920w\" sizes=\"auto, (max-width: 640px) 100vw, 640px\" \/><\/p>\n<p data-pm-slice=\"1 1 []\">Het logo van de SBAB symboliseert onze visie, missie en normen en waarden.<\/p>\n<p><em><strong>Vrouwe Justitia<\/strong><\/em> wordt gezien als het symbool van justitie. Haar blinddoek staat voor rechtspraak zonder onderscheid van personen, haar balans weegt de feiten en omstandigheden af en haar zwaard is het oordeel (advies voor het oordeel).<\/p>\n<p><em><strong>De blinddoek van Vrouwe Justitia<\/strong><\/em> in ons logo is een reflectie van de normen en waarden \u2018<em>onafhankelijkheid\u2019 en \u2018objectiviteit\/onpartijdigheid<\/em>\u2019 van de SBAB.<\/p>\n<p><em><strong>De kleuren blauw en geel<\/strong><\/em><strong> en de twee sterren<\/strong> symboliseren de vlag van Cura\u00e7ao. Daarnaast staan ze voor \u00e9\u00e9n van de belangrijke normen en waarden van de SBAB: <em>patriotisme.<\/em> Op het moment dat we een beslissing moeten nemen, vragen we ons altijd allereerst af of de beslissing in het voordeel dient van Cura\u00e7ao. Op de tweede plaats komen de belangen van onze organisatie en pas op de derde plaats onze eigen belangen. Als het goed gaat met ons eiland, gaat het goed met de SBAB en haar medewerkers.<\/p>\n<p><em><strong>De balans van Vrouwe Justitia<\/strong><\/em> staat voor goed gefundeerde overwegingen en correctievoorstellen in onze rapportages bij boekenonderzoeken (uitspraak).<\/p>\n<p><em><strong>De cirkel die van geel naar rood overgaat<\/strong><\/em>, staat voor de zon. Tevens staat het voor licht en vuur dat zich weer reflecteert in onze normen en waarden \u2018<em>integriteit\/transparantie<\/em>\u2019.<\/p>\n<p><em><strong>De overgang van geel naar rood in de cirkel<\/strong><\/em> staat voor de zachte en empathische benadering van de SBAB naar alle belastingplichtigen en rood staat tevens voor sterk op de inhoud.<\/p>\n<p>Aan de andere kant staat <em><strong>geel<\/strong><\/em> voor een empathische benadering bij een eerste overtreding of bijzondere omstandigheden. <em><strong>Rood<\/strong> <\/em>staat voor de harde benadering in het geval van recidivisme. Ook vertegenwoordigt de kleur geel onze normen van <em>dienstverlening naar de klant toe, harmonie, maatschappelijke verantwoordelijkheid, collegialiteit, respect, vertrouwen, geluk, broederschap, goedheid, vergiffenis en loyaliteit.<\/em><\/p>\n<p><em><strong>De vulpen voor de B van SBAB<\/strong><\/em> symboliseert onze belangrijke normen en waarden \u2018<em>professionalitei<\/em>t\u2019 en \u2018expertise\u2019. De normen en waarden gericht op prestatie en doorzettingsvermogen vormen de basis om als organisatie telkens met meer professionaliteit en expertise onze missie te realiseren en onze visie te verwezenlijken. Dit doen we door middel van studie, begeleiding en permanente educatie.<\/p>\n","protected":false},"excerpt":{"rendered":"<p>Beschrijving logo SBAB Het logo van de SBAB symboliseert onze visie, missie en normen en waarden. Vrouwe Justitia wordt gezien als het symbool van justitie. Haar blinddoek staat voor rechtspraak zonder onderscheid van personen, haar balans weegt de feiten en omstandigheden af en haar zwaard is het oordeel (advies voor het oordeel). De blinddoek van [&hellip;]<\/p>\n","protected":false},"author":1,"featured_media":712,"parent":0,"menu_order":6,"comment_status":"closed","ping_status":"closed","template":"tpl-organisatie.php","meta":{"footnotes":""},"class_list":["post-298","page","type-page","status-publish","has-post-thumbnail","hentry"],"_links":{"self":[{"href":"https:\/\/ecstatic-taussig.108-175-11-166.plesk.page\/index.php\/wp-json\/wp\/v2\/pages\/298","targetHints":{"allow":["GET"]}}],"collection":[{"href":"https:\/\/ecstatic-taussig.108-175-11-166.plesk.page\/index.php\/wp-json\/wp\/v2\/pages"}],"about":[{"href":"https:\/\/ecstatic-taussig.108-175-11-166.plesk.page\/index.php\/wp-json\/wp\/v2\/types\/page"}],"author":[{"embeddable":true,"href":"https:\/\/ecstatic-taussig.108-175-11-166.plesk.page\/index.php\/wp-json\/wp\/v2\/users\/1"}],"replies":[{"embeddable":true,"href":"https:\/\/ecstatic-taussig.108-175-11-166.plesk.page\/index.php\/wp-json\/wp\/v2\/comments?post=298"}],"version-history":[{"count":0,"href":"https:\/\/ecstatic-taussig.108-175-11-166.plesk.page\/index.php\/wp-json\/wp\/v2\/pages\/298\/revisions"}],"wp:featuredmedia":[{"embeddable":true,"href":"https:\/\/ecstatic-taussig.108-175-11-166.plesk.page\/index.php\/wp-json\/wp\/v2\/media\/712"}],"wp:attachment":[{"href":"https:\/\/ecstatic-taussig.108-175-11-166.plesk.page\/index.php\/wp-json\/wp\/v2\/media?parent=298"}],"curies":[{"name":"wp","href":"https:\/\/api.w.org\/{rel}","templated":true}]}}